{"id":141,"date":"2022-03-31T09:57:58","date_gmt":"2022-03-31T09:57:58","guid":{"rendered":"https:\/\/solar.everspc.de\/?page_id=141"},"modified":"2022-04-22T08:23:13","modified_gmt":"2022-04-22T08:23:13","slug":"photovoltaik-fuer-das-betriebliche-hallendach","status":"publish","type":"page","link":"https:\/\/solar.everspc.de\/?page_id=141","title":{"rendered":"Photovoltaik f\u00fcr das betriebliche Hallendach"},"content":{"rendered":"\n<p>Gerade bei Hallend\u00e4chern rentiert sich eine Photovoltaikanlage sehr z\u00fcgig. Durch die einfach zu best\u00fcckenden zumeist gro\u00dfen Fl\u00e4chen l\u00e4sst sich so schnell viel Strom erzeugen. <\/p>\n\n\n\n<figure class=\"wp-block-gallery columns-2 is-cropped wp-block-gallery-1 is-layout-flex wp-block-gallery-is-layout-flex\"><ul class=\"blocks-gallery-grid\"><li class=\"blocks-gallery-item\"><figure><img loading=\"lazy\" decoding=\"async\" width=\"1024\" height=\"768\" src=\"https:\/\/solar.everspc.de\/wp-content\/uploads\/2022\/04\/IMG_8484-1024x768.jpg\" alt=\"\" data-id=\"149\" class=\"wp-image-149\" srcset=\"https:\/\/solar.everspc.de\/wp-content\/uploads\/2022\/04\/IMG_8484-1024x768.jpg 1024w, https:\/\/solar.everspc.de\/wp-content\/uploads\/2022\/04\/IMG_8484-300x225.jpg 300w, https:\/\/solar.everspc.de\/wp-content\/uploads\/2022\/04\/IMG_8484-768x576.jpg 768w, https:\/\/solar.everspc.de\/wp-content\/uploads\/2022\/04\/IMG_8484-1536x1152.jpg 1536w, https:\/\/solar.everspc.de\/wp-content\/uploads\/2022\/04\/IMG_8484-2048x1536.jpg 2048w, https:\/\/solar.everspc.de\/wp-content\/uploads\/2022\/04\/IMG_8484-100x75.jpg 100w, https:\/\/solar.everspc.de\/wp-content\/uploads\/2022\/04\/IMG_8484-150x113.jpg 150w, https:\/\/solar.everspc.de\/wp-content\/uploads\/2022\/04\/IMG_8484-200x150.jpg 200w, https:\/\/solar.everspc.de\/wp-content\/uploads\/2022\/04\/IMG_8484-450x338.jpg 450w, https:\/\/solar.everspc.de\/wp-content\/uploads\/2022\/04\/IMG_8484-600x450.jpg 600w, https:\/\/solar.everspc.de\/wp-content\/uploads\/2022\/04\/IMG_8484-900x675.jpg 900w\" sizes=\"(max-width: 1024px) 100vw, 1024px\" \/><\/figure><\/li><li class=\"blocks-gallery-item\"><figure><img loading=\"lazy\" decoding=\"async\" width=\"1024\" height=\"768\" src=\"https:\/\/solar.everspc.de\/wp-content\/uploads\/2022\/04\/IMG_8488-1024x768.jpg\" alt=\"\" data-id=\"150\" data-full-url=\"https:\/\/solar.everspc.de\/wp-content\/uploads\/2022\/04\/IMG_8488-scaled.jpg\" data-link=\"https:\/\/solar.everspc.de\/?attachment_id=150\" class=\"wp-image-150\" srcset=\"https:\/\/solar.everspc.de\/wp-content\/uploads\/2022\/04\/IMG_8488-1024x768.jpg 1024w, https:\/\/solar.everspc.de\/wp-content\/uploads\/2022\/04\/IMG_8488-300x225.jpg 300w, https:\/\/solar.everspc.de\/wp-content\/uploads\/2022\/04\/IMG_8488-768x576.jpg 768w, https:\/\/solar.everspc.de\/wp-content\/uploads\/2022\/04\/IMG_8488-1536x1152.jpg 1536w, https:\/\/solar.everspc.de\/wp-content\/uploads\/2022\/04\/IMG_8488-2048x1536.jpg 2048w, https:\/\/solar.everspc.de\/wp-content\/uploads\/2022\/04\/IMG_8488-100x75.jpg 100w, https:\/\/solar.everspc.de\/wp-content\/uploads\/2022\/04\/IMG_8488-150x113.jpg 150w, https:\/\/solar.everspc.de\/wp-content\/uploads\/2022\/04\/IMG_8488-200x150.jpg 200w, https:\/\/solar.everspc.de\/wp-content\/uploads\/2022\/04\/IMG_8488-450x338.jpg 450w, https:\/\/solar.everspc.de\/wp-content\/uploads\/2022\/04\/IMG_8488-600x450.jpg 600w, https:\/\/solar.everspc.de\/wp-content\/uploads\/2022\/04\/IMG_8488-900x675.jpg 900w\" sizes=\"(max-width: 1024px) 100vw, 1024px\" \/><\/figure><\/li><\/ul><\/figure>\n","protected":false},"excerpt":{"rendered":"<p>Gerade bei Hallend\u00e4chern rentiert sich eine Photovoltaikanlage sehr z\u00fcgig. Durch die einfach zu best\u00fcckenden zumeist gro\u00dfen Fl\u00e4chen l\u00e4sst sich so schnell viel Strom erzeugen.<\/p>\n","protected":false},"author":1,"featured_media":0,"parent":0,"menu_order":0,"comment_status":"closed","ping_status":"closed","template":"","meta":{"footnotes":""},"yoast_head":"<!-- This site is optimized with the Yoast SEO plugin v22.4 - https:\/\/yoast.com\/wordpress\/plugins\/seo\/ -->\n<title>Photovoltaik f\u00fcr das betriebliche Hallendach -<\/title>\n<meta name=\"robots\" content=\"index, follow, max-snippet:-1, max-image-preview:large, max-video-preview:-1\" \/>\n<link rel=\"canonical\" href=\"https:\/\/solar.everspc.de\/?page_id=141\" \/>\n<meta property=\"og:locale\" content=\"de_DE\" \/>\n<meta property=\"og:type\" content=\"article\" \/>\n<meta property=\"og:title\" content=\"Photovoltaik f\u00fcr das betriebliche Hallendach -\" \/>\n<meta property=\"og:description\" content=\"Gerade bei Hallend\u00e4chern rentiert sich eine Photovoltaikanlage sehr z\u00fcgig. Durch die einfach zu best\u00fcckenden zumeist gro\u00dfen Fl\u00e4chen l\u00e4sst sich so schnell viel Strom erzeugen.\" \/>\n<meta property=\"og:url\" content=\"https:\/\/solar.everspc.de\/?page_id=141\" \/>\n<meta property=\"article:modified_time\" content=\"2022-04-22T08:23:13+00:00\" \/>\n<meta property=\"og:image\" content=\"https:\/\/solar.everspc.de\/wp-content\/uploads\/2022\/04\/IMG_8484-1024x768.jpg\" \/>\n<meta name=\"twitter:card\" content=\"summary_large_image\" \/>\n<meta name=\"twitter:label1\" content=\"Gesch\u00e4tzte Lesezeit\" \/>\n\t<meta name=\"twitter:data1\" content=\"1\u00a0Minute\" \/>\n<script type=\"application\/ld+json\" class=\"yoast-schema-graph\">{\"@context\":\"https:\/\/schema.org\",\"@graph\":[{\"@type\":\"WebPage\",\"@id\":\"https:\/\/solar.everspc.de\/?page_id=141\",\"url\":\"https:\/\/solar.everspc.de\/?page_id=141\",\"name\":\"Photovoltaik f\u00fcr das betriebliche Hallendach -\",\"isPartOf\":{\"@id\":\"https:\/\/solar.everspc.de\/#website\"},\"primaryImageOfPage\":{\"@id\":\"https:\/\/solar.everspc.de\/?page_id=141#primaryimage\"},\"image\":{\"@id\":\"https:\/\/solar.everspc.de\/?page_id=141#primaryimage\"},\"thumbnailUrl\":\"https:\/\/solar.everspc.de\/wp-content\/uploads\/2022\/04\/IMG_8484-1024x768.jpg\",\"datePublished\":\"2022-03-31T09:57:58+00:00\",\"dateModified\":\"2022-04-22T08:23:13+00:00\",\"breadcrumb\":{\"@id\":\"https:\/\/solar.everspc.de\/?page_id=141#breadcrumb\"},\"inLanguage\":\"de\",\"potentialAction\":[{\"@type\":\"ReadAction\",\"target\":[\"https:\/\/solar.everspc.de\/?page_id=141\"]}]},{\"@type\":\"ImageObject\",\"inLanguage\":\"de\",\"@id\":\"https:\/\/solar.everspc.de\/?page_id=141#primaryimage\",\"url\":\"https:\/\/solar.everspc.de\/wp-content\/uploads\/2022\/04\/IMG_8484-scaled.jpg\",\"contentUrl\":\"https:\/\/solar.everspc.de\/wp-content\/uploads\/2022\/04\/IMG_8484-scaled.jpg\",\"width\":2560,\"height\":1920},{\"@type\":\"BreadcrumbList\",\"@id\":\"https:\/\/solar.everspc.de\/?page_id=141#breadcrumb\",\"itemListElement\":[{\"@type\":\"ListItem\",\"position\":1,\"name\":\"Startseite\",\"item\":\"https:\/\/solar.everspc.de\/\"},{\"@type\":\"ListItem\",\"position\":2,\"name\":\"Photovoltaik f\u00fcr das betriebliche Hallendach\"}]},{\"@type\":\"WebSite\",\"@id\":\"https:\/\/solar.everspc.de\/#website\",\"url\":\"https:\/\/solar.everspc.de\/\",\"name\":\"\",\"description\":\"Beratung, Planung und Verkauf\",\"publisher\":{\"@id\":\"https:\/\/solar.everspc.de\/#organization\"},\"potentialAction\":[{\"@type\":\"SearchAction\",\"target\":{\"@type\":\"EntryPoint\",\"urlTemplate\":\"https:\/\/solar.everspc.de\/?s={search_term_string}\"},\"query-input\":\"required name=search_term_string\"}],\"inLanguage\":\"de\"},{\"@type\":\"Organization\",\"@id\":\"https:\/\/solar.everspc.de\/#organization\",\"name\":\"Evers Photovoltaik - Beratung, Plaung, Verkauf\",\"url\":\"https:\/\/solar.everspc.de\/\",\"logo\":{\"@type\":\"ImageObject\",\"inLanguage\":\"de\",\"@id\":\"https:\/\/solar.everspc.de\/#\/schema\/logo\/image\/\",\"url\":\"https:\/\/solar.everspc.de\/wp-content\/uploads\/2021\/11\/Evers-Photovoltaik-2.png\",\"contentUrl\":\"https:\/\/solar.everspc.de\/wp-content\/uploads\/2021\/11\/Evers-Photovoltaik-2.png\",\"width\":300,\"height\":100,\"caption\":\"Evers Photovoltaik - Beratung, Plaung, Verkauf\"},\"image\":{\"@id\":\"https:\/\/solar.everspc.de\/#\/schema\/logo\/image\/\"}}]}<\/script>\n<!-- \/ Yoast SEO plugin. -->","yoast_head_json":{"title":"Photovoltaik f\u00fcr das betriebliche Hallendach -","robots":{"index":"index","follow":"follow","max-snippet":"max-snippet:-1","max-image-preview":"max-image-preview:large","max-video-preview":"max-video-preview:-1"},"canonical":"https:\/\/solar.everspc.de\/?page_id=141","og_locale":"de_DE","og_type":"article","og_title":"Photovoltaik f\u00fcr das betriebliche Hallendach -","og_description":"Gerade bei Hallend\u00e4chern rentiert sich eine Photovoltaikanlage sehr z\u00fcgig. Durch die einfach zu best\u00fcckenden zumeist gro\u00dfen Fl\u00e4chen l\u00e4sst sich so schnell viel Strom erzeugen.","og_url":"https:\/\/solar.everspc.de\/?page_id=141","article_modified_time":"2022-04-22T08:23:13+00:00","og_image":[{"url":"https:\/\/solar.everspc.de\/wp-content\/uploads\/2022\/04\/IMG_8484-1024x768.jpg"}],"twitter_card":"summary_large_image","twitter_misc":{"Gesch\u00e4tzte Lesezeit":"1\u00a0Minute"},"schema":{"@context":"https:\/\/schema.org","@graph":[{"@type":"WebPage","@id":"https:\/\/solar.everspc.de\/?page_id=141","url":"https:\/\/solar.everspc.de\/?page_id=141","name":"Photovoltaik f\u00fcr das betriebliche Hallendach -","isPartOf":{"@id":"https:\/\/solar.everspc.de\/#website"},"primaryImageOfPage":{"@id":"https:\/\/solar.everspc.de\/?page_id=141#primaryimage"},"image":{"@id":"https:\/\/solar.everspc.de\/?page_id=141#primaryimage"},"thumbnailUrl":"https:\/\/solar.everspc.de\/wp-content\/uploads\/2022\/04\/IMG_8484-1024x768.jpg","datePublished":"2022-03-31T09:57:58+00:00","dateModified":"2022-04-22T08:23:13+00:00","breadcrumb":{"@id":"https:\/\/solar.everspc.de\/?page_id=141#breadcrumb"},"inLanguage":"de","potentialAction":[{"@type":"ReadAction","target":["https:\/\/solar.everspc.de\/?page_id=141"]}]},{"@type":"ImageObject","inLanguage":"de","@id":"https:\/\/solar.everspc.de\/?page_id=141#primaryimage","url":"https:\/\/solar.everspc.de\/wp-content\/uploads\/2022\/04\/IMG_8484-scaled.jpg","contentUrl":"https:\/\/solar.everspc.de\/wp-content\/uploads\/2022\/04\/IMG_8484-scaled.jpg","width":2560,"height":1920},{"@type":"BreadcrumbList","@id":"https:\/\/solar.everspc.de\/?page_id=141#breadcrumb","itemListElement":[{"@type":"ListItem","position":1,"name":"Startseite","item":"https:\/\/solar.everspc.de\/"},{"@type":"ListItem","position":2,"name":"Photovoltaik f\u00fcr das betriebliche Hallendach"}]},{"@type":"WebSite","@id":"https:\/\/solar.everspc.de\/#website","url":"https:\/\/solar.everspc.de\/","name":"","description":"Beratung, Planung und Verkauf","publisher":{"@id":"https:\/\/solar.everspc.de\/#organization"},"potentialAction":[{"@type":"SearchAction","target":{"@type":"EntryPoint","urlTemplate":"https:\/\/solar.everspc.de\/?s={search_term_string}"},"query-input":"required name=search_term_string"}],"inLanguage":"de"},{"@type":"Organization","@id":"https:\/\/solar.everspc.de\/#organization","name":"Evers Photovoltaik - Beratung, Plaung, Verkauf","url":"https:\/\/solar.everspc.de\/","logo":{"@type":"ImageObject","inLanguage":"de","@id":"https:\/\/solar.everspc.de\/#\/schema\/logo\/image\/","url":"https:\/\/solar.everspc.de\/wp-content\/uploads\/2021\/11\/Evers-Photovoltaik-2.png","contentUrl":"https:\/\/solar.everspc.de\/wp-content\/uploads\/2021\/11\/Evers-Photovoltaik-2.png","width":300,"height":100,"caption":"Evers Photovoltaik - Beratung, Plaung, Verkauf"},"image":{"@id":"https:\/\/solar.everspc.de\/#\/schema\/logo\/image\/"}}]}},"_links":{"self":[{"href":"https:\/\/solar.everspc.de\/index.php?rest_route=\/wp\/v2\/pages\/141"}],"collection":[{"href":"https:\/\/solar.everspc.de\/index.php?rest_route=\/wp\/v2\/pages"}],"about":[{"href":"https:\/\/solar.everspc.de\/index.php?rest_route=\/wp\/v2\/types\/page"}],"author":[{"embeddable":true,"href":"https:\/\/solar.everspc.de\/index.php?rest_route=\/wp\/v2\/users\/1"}],"replies":[{"embeddable":true,"href":"https:\/\/solar.everspc.de\/index.php?rest_route=%2Fwp%2Fv2%2Fcomments&post=141"}],"version-history":[{"count":2,"href":"https:\/\/solar.everspc.de\/index.php?rest_route=\/wp\/v2\/pages\/141\/revisions"}],"predecessor-version":[{"id":151,"href":"https:\/\/solar.everspc.de\/index.php?rest_route=\/wp\/v2\/pages\/141\/revisions\/151"}],"wp:attachment":[{"href":"https:\/\/solar.everspc.de\/index.php?rest_route=%2Fwp%2Fv2%2Fmedia&parent=141"}],"curies":[{"name":"wp","href":"https:\/\/api.w.org\/{rel}","templated":true}]}}