{"id":3,"date":"2021-02-12T09:54:11","date_gmt":"2021-02-12T09:54:11","guid":{"rendered":"http:\/\/solar.everspc.de\/?page_id=3"},"modified":"2021-02-12T10:30:09","modified_gmt":"2021-02-12T10:30:09","slug":"privacy-policy","status":"publish","type":"page","link":"https:\/\/solar.everspc.de\/?page_id=3","title":{"rendered":"Impressum"},"content":{"rendered":"\n<p><strong>Adresse:<\/strong><br><\/p>\n\n\n\n<p>Klaus Evers<br>Evers Photovoltaik<br>Twiete 3<br>23896 Panten OT Mannhagen<\/p>\n\n\n\n<p>Telefon: 04542 2233<br>Telefax: 04542 841029<br> E-Mail: <a href=\"mailto:mail@everspc.de\">mail@everspc.de<\/a><br> <\/p>\n\n\n\n<p><strong>Umsatzsteuer-ID: <\/strong><br>Umsatzsteuer-Identifikationsnummer nach \u00a727a Umsatzsteuergesetz:<br>DE135323561<\/p>\n\n\n\n<p><\/p>\n\n\n\n<h2 class=\"wp-block-heading\">Disclaimer \u2013 rechtliche Hinweise<\/h2>\n\n\n\n<p>\n\u00a7 1 Haftungsbeschr\u00e4nkung<br>\nDie Inhalte dieser Website werden mit gr\u00f6\u00dftm\u00f6glicher Sorgfalt erstellt. Der\nAnbieter \u00fcbernimmt jedoch keine Gew\u00e4hr f\u00fcr die Richtigkeit, Vollst\u00e4ndigkeit\nund Aktualit\u00e4t der bereitgestellten Inhalte. Die Nutzung der Inhalte der\nWebsite erfolgt auf eigene Gefahr des Nutzers. Namentlich gekennzeichnete\nBeitr\u00e4ge geben die Meinung des jeweiligen Autors und nicht immer die Meinung\ndes Anbieters wieder. Mit der reinen Nutzung der Website des Anbieters kommt\nkeinerlei Vertragsverh\u00e4ltnis zwischen dem Nutzer und dem Anbieter zustande.\n<\/p>\n\n\n\n<p>\n\u00a7 2 Externe Links<br>\nDiese Website enth\u00e4lt Verkn\u00fcpfungen zu Websites Dritter (&#8222;externe Links&#8220;).\nDiese Websites unterliegen der Haftung der jeweiligen Betreiber. Der\nAnbieter hat bei der erstmaligen Verkn\u00fcpfung der externen Links die fremden\nInhalte daraufhin \u00fcberpr\u00fcft, ob etwaige Rechtsverst\u00f6\u00dfe bestehen. Zu dem\nZeitpunkt waren keine Rechtsverst\u00f6\u00dfe ersichtlich. Der Anbieter hat keinerlei\nEinfluss auf die aktuelle und zuk\u00fcnftige Gestaltung und auf die Inhalte der\nverkn\u00fcpften Seiten. Das Setzen von externen Links bedeutet nicht, dass sich\nder Anbieter die hinter dem Verweis oder Link liegenden Inhalte zu Eigen\nmacht. Eine st\u00e4ndige Kontrolle der externen Links ist f\u00fcr den Anbieter ohne\nkonkrete Hinweise auf Rechtsverst\u00f6\u00dfe nicht zumutbar. Bei Kenntnis von\nRechtsverst\u00f6\u00dfen werden jedoch derartige externe Links unverz\u00fcglich gel\u00f6scht.\n<\/p>\n\n\n\n<p>\n\u00a7 3 Urheber- und Leistungsschutzrechte<br>\nDie auf dieser Website ver\u00f6ffentlichten Inhalte unterliegen dem deutschen\nUrheber- und Leistungsschutzrecht. Jede vom deutschen Urheber- und\nLeistungsschutzrecht nicht zugelassene Verwertung bedarf der vorherigen\nschriftlichen Zustimmung des Anbieters oder jeweiligen Rechteinhabers. Dies\ngilt insbesondere f\u00fcr Vervielf\u00e4ltigung, Bearbeitung, \u00dcbersetzung,\nEinspeicherung, Verarbeitung bzw. Wiedergabe von Inhalten in Datenbanken\noder anderen elektronischen Medien und Systemen. Inhalte und Rechte Dritter\nsind dabei als solche gekennzeichnet. Die unerlaubte Vervielf\u00e4ltigung oder\nWeitergabe einzelner Inhalte oder kompletter Seiten ist nicht gestattet und\nstrafbar. Lediglich die Herstellung von Kopien und Downloads f\u00fcr den\npers\u00f6nlichen, privaten und nicht kommerziellen Gebrauch ist erlaubt.\n<\/p>\n\n\n\n<p>\nDie Darstellung dieser Website in fremden Frames ist nur mit schriftlicher\nErlaubnis zul\u00e4ssig.\n<\/p>\n\n\n\n<p>\n\u00a7 4 Besondere Nutzungsbedingungen<br>\nSoweit besondere Bedingungen f\u00fcr einzelne Nutzungen dieser Website von den\nvorgenannten Paragraphen abweichen, wird an entsprechender Stelle\nausdr\u00fccklich darauf hingewiesen. In diesem Falle gelten im jeweiligen\nEinzelfall die besonderen Nutzungsbedingungen.<br><\/p>\n\n\n\n<p>Quelle: Impressum-Vorlage von <a href=\"http:\/\/www.juraforum.de\/\">www.juraforum.de<\/a><\/p>\n\n\n\n<p><\/p>\n\n\n\n<h2 class=\"wp-block-heading\">Datenschutzerkl\u00e4rung:<\/h2>\n\n\n\n<p><strong>Datenschutz<\/strong><br>Nachfolgend\n m\u00f6chten wir Sie \u00fcber unsere Datenschutzerkl\u00e4rung informieren. Sie \nfinden hier Informationen \u00fcber die Erhebung und Verwendung pers\u00f6nlicher \nDaten bei der Nutzung unserer Webseite. Wir beachten dabei das f\u00fcr \nDeutschland geltende Datenschutzrecht. Sie k\u00f6nnen diese Erkl\u00e4rung \njederzeit auf unserer Webseite abrufen. \n<br><br>\nWir weisen ausdr\u00fccklich darauf hin, dass die Daten\u00fcbertragung im \nInternet (z.B. bei der Kommunikation per E-Mail) Sicherheitsl\u00fccken \naufweisen und nicht l\u00fcckenlos vor dem Zugriff durch Dritte gesch\u00fctzt \nwerden kann. \n<br><br>\nDie Verwendung der Kontaktdaten unseres Impressums zur gewerblichen \nWerbung ist ausdr\u00fccklich nicht erw\u00fcnscht, es sei denn wir hatten zuvor \nunsere schriftliche Einwilligung erteilt oder es besteht bereits eine \nGesch\u00e4ftsbeziehung. Der Anbieter und alle auf dieser Website genannten \nPersonen widersprechen hiermit jeder kommerziellen Verwendung und \nWeitergabe ihrer Daten.\n<br><br>\n<strong>Personenbezogene Daten<\/strong>\n<br>\nSie k\u00f6nnen unsere Webseite ohne Angabe personenbezogener Daten besuchen.\n Soweit auf unseren Seiten personenbezogene Daten (wie Name, Anschrift \noder E-Mail Adresse) erhoben werden, erfolgt dies, soweit m\u00f6glich, auf \nfreiwilliger Basis. Diese Daten werden ohne Ihre ausdr\u00fcckliche \nZustimmung nicht an Dritte weitergegeben. Sofern zwischen Ihnen und uns \nein Vertragsverh\u00e4ltnis begr\u00fcndet, inhaltlich ausgestaltet oder ge\u00e4ndert \nwerden soll oder Sie an uns eine Anfrage stellen, erheben und verwenden \nwir personenbezogene Daten von Ihnen, soweit dies zu diesen Zwecken \nerforderlich ist (Bestandsdaten). Wir erheben, verarbeiten und nutzen \npersonenbezogene Daten soweit dies erforderlich ist, um Ihnen die \nInanspruchnahme des Webangebots zu erm\u00f6glichen (Nutzungsdaten). \nS\u00e4mtliche personenbezogenen Daten werden nur solange gespeichert wie \ndies f\u00fcr den geannten Zweck (Bearbeitung Ihrer Anfrage oder Abwicklung \neines Vertrags) erforderlich ist. Hierbei werden steuer- und \nhandelsrechtliche Aufbewahrungsfristen ber\u00fccksichtigt. Auf Anordnung der\n zust\u00e4ndigen Stellen d\u00fcrfen wir im Einzelfall Auskunft \u00fcber diese Daten \n(Bestandsdaten) erteilen, soweit dies f\u00fcr Zwecke der Strafverfolgung, \nzur Gefahrenabwehr, zur Erf\u00fcllung der gesetzlichen Aufgaben der \nVerfassungsschutzbeh\u00f6rden oder des Milit\u00e4rischen Abschirmdienstes oder \nzur Durchsetzung der Rechte am geistigen Eigentum erforderlich ist.<\/p>\n\n\n\n<p><strong>Auskunftsrecht<\/strong><br>Sie\n haben das jederzeitige Recht, sich unentgeltlich und unverz\u00fcglich \u00fcber \ndie zu Ihrer Person erhobenen Daten zu erkundigen. Sie haben das \njederzeitige Recht, Ihre Zustimmung zur Verwendung Ihrer angegeben \npers\u00f6nlichen Daten mit Wirkung f\u00fcr die Zukunft zu widerrufen. Zur \nAuskunftserteilung wenden Sie sich bitte an den Anbieter unter den \nKontaktdaten im Impressum.<\/p>\n","protected":false},"excerpt":{"rendered":"<p>Adresse: Klaus EversEvers PhotovoltaikTwiete 323896 Panten OT Mannhagen Telefon: 04542 2233Telefax: 04542 841029 E-Mail: mail@everspc.de Umsatzsteuer-ID: Umsatzsteuer-Identifikationsnummer nach \u00a727a Umsatzsteuergesetz:DE135323561 Disclaimer \u2013 rechtliche Hinweise \u00a7 1 Haftungsbeschr\u00e4nkung Die Inhalte dieser Website werden mit gr\u00f6\u00dftm\u00f6glicher Sorgfalt erstellt. Der Anbieter \u00fcbernimmt jedoch &hellip;<\/p>\n<p class=\"read-more\"> <a class=\"more-link\" href=\"https:\/\/solar.everspc.de\/?page_id=3\"> <span class=\"screen-reader-text\">Impressum<\/span> Read More &raquo;<\/a><\/p>\n","protected":false},"author":1,"featured_media":0,"parent":0,"menu_order":0,"comment_status":"closed","ping_status":"open","template":"","meta":{"footnotes":""},"yoast_head":"<!-- This site is optimized with the Yoast SEO plugin v22.4 - https:\/\/yoast.com\/wordpress\/plugins\/seo\/ -->\n<title>Impressum -<\/title>\n<meta name=\"robots\" content=\"index, follow, max-snippet:-1, max-image-preview:large, max-video-preview:-1\" \/>\n<link rel=\"canonical\" href=\"https:\/\/solar.everspc.de\/?page_id=3\" \/>\n<meta property=\"og:locale\" content=\"de_DE\" \/>\n<meta property=\"og:type\" content=\"article\" \/>\n<meta property=\"og:title\" content=\"Impressum -\" \/>\n<meta property=\"og:description\" content=\"Adresse: Klaus EversEvers PhotovoltaikTwiete 323896 Panten OT Mannhagen Telefon: 04542 2233Telefax: 04542 841029 E-Mail: mail@everspc.de Umsatzsteuer-ID: Umsatzsteuer-Identifikationsnummer nach \u00a727a Umsatzsteuergesetz:DE135323561 Disclaimer \u2013 rechtliche Hinweise \u00a7 1 Haftungsbeschr\u00e4nkung Die Inhalte dieser Website werden mit gr\u00f6\u00dftm\u00f6glicher Sorgfalt erstellt. Der Anbieter \u00fcbernimmt jedoch &hellip; Impressum Read More &raquo;\" \/>\n<meta property=\"og:url\" content=\"https:\/\/solar.everspc.de\/?page_id=3\" \/>\n<meta property=\"article:modified_time\" content=\"2021-02-12T10:30:09+00:00\" \/>\n<meta name=\"twitter:card\" content=\"summary_large_image\" \/>\n<meta name=\"twitter:label1\" content=\"Gesch\u00e4tzte Lesezeit\" \/>\n\t<meta name=\"twitter:data1\" content=\"4\u00a0Minuten\" \/>\n<script type=\"application\/ld+json\" class=\"yoast-schema-graph\">{\"@context\":\"https:\/\/schema.org\",\"@graph\":[{\"@type\":\"WebPage\",\"@id\":\"https:\/\/solar.everspc.de\/?page_id=3\",\"url\":\"https:\/\/solar.everspc.de\/?page_id=3\",\"name\":\"Impressum -\",\"isPartOf\":{\"@id\":\"https:\/\/solar.everspc.de\/#website\"},\"datePublished\":\"2021-02-12T09:54:11+00:00\",\"dateModified\":\"2021-02-12T10:30:09+00:00\",\"breadcrumb\":{\"@id\":\"https:\/\/solar.everspc.de\/?page_id=3#breadcrumb\"},\"inLanguage\":\"de\",\"potentialAction\":[{\"@type\":\"ReadAction\",\"target\":[\"https:\/\/solar.everspc.de\/?page_id=3\"]}]},{\"@type\":\"BreadcrumbList\",\"@id\":\"https:\/\/solar.everspc.de\/?page_id=3#breadcrumb\",\"itemListElement\":[{\"@type\":\"ListItem\",\"position\":1,\"name\":\"Startseite\",\"item\":\"https:\/\/solar.everspc.de\/\"},{\"@type\":\"ListItem\",\"position\":2,\"name\":\"Impressum\"}]},{\"@type\":\"WebSite\",\"@id\":\"https:\/\/solar.everspc.de\/#website\",\"url\":\"https:\/\/solar.everspc.de\/\",\"name\":\"\",\"description\":\"Beratung, Planung und Verkauf\",\"publisher\":{\"@id\":\"https:\/\/solar.everspc.de\/#organization\"},\"potentialAction\":[{\"@type\":\"SearchAction\",\"target\":{\"@type\":\"EntryPoint\",\"urlTemplate\":\"https:\/\/solar.everspc.de\/?s={search_term_string}\"},\"query-input\":\"required name=search_term_string\"}],\"inLanguage\":\"de\"},{\"@type\":\"Organization\",\"@id\":\"https:\/\/solar.everspc.de\/#organization\",\"name\":\"Evers Photovoltaik - Beratung, Plaung, Verkauf\",\"url\":\"https:\/\/solar.everspc.de\/\",\"logo\":{\"@type\":\"ImageObject\",\"inLanguage\":\"de\",\"@id\":\"https:\/\/solar.everspc.de\/#\/schema\/logo\/image\/\",\"url\":\"https:\/\/solar.everspc.de\/wp-content\/uploads\/2021\/11\/Evers-Photovoltaik-2.png\",\"contentUrl\":\"https:\/\/solar.everspc.de\/wp-content\/uploads\/2021\/11\/Evers-Photovoltaik-2.png\",\"width\":300,\"height\":100,\"caption\":\"Evers Photovoltaik - Beratung, Plaung, Verkauf\"},\"image\":{\"@id\":\"https:\/\/solar.everspc.de\/#\/schema\/logo\/image\/\"}}]}<\/script>\n<!-- \/ Yoast SEO plugin. -->","yoast_head_json":{"title":"Impressum -","robots":{"index":"index","follow":"follow","max-snippet":"max-snippet:-1","max-image-preview":"max-image-preview:large","max-video-preview":"max-video-preview:-1"},"canonical":"https:\/\/solar.everspc.de\/?page_id=3","og_locale":"de_DE","og_type":"article","og_title":"Impressum -","og_description":"Adresse: Klaus EversEvers PhotovoltaikTwiete 323896 Panten OT Mannhagen Telefon: 04542 2233Telefax: 04542 841029 E-Mail: mail@everspc.de Umsatzsteuer-ID: Umsatzsteuer-Identifikationsnummer nach \u00a727a Umsatzsteuergesetz:DE135323561 Disclaimer \u2013 rechtliche Hinweise \u00a7 1 Haftungsbeschr\u00e4nkung Die Inhalte dieser Website werden mit gr\u00f6\u00dftm\u00f6glicher Sorgfalt erstellt. Der Anbieter \u00fcbernimmt jedoch &hellip; Impressum Read More &raquo;","og_url":"https:\/\/solar.everspc.de\/?page_id=3","article_modified_time":"2021-02-12T10:30:09+00:00","twitter_card":"summary_large_image","twitter_misc":{"Gesch\u00e4tzte Lesezeit":"4\u00a0Minuten"},"schema":{"@context":"https:\/\/schema.org","@graph":[{"@type":"WebPage","@id":"https:\/\/solar.everspc.de\/?page_id=3","url":"https:\/\/solar.everspc.de\/?page_id=3","name":"Impressum -","isPartOf":{"@id":"https:\/\/solar.everspc.de\/#website"},"datePublished":"2021-02-12T09:54:11+00:00","dateModified":"2021-02-12T10:30:09+00:00","breadcrumb":{"@id":"https:\/\/solar.everspc.de\/?page_id=3#breadcrumb"},"inLanguage":"de","potentialAction":[{"@type":"ReadAction","target":["https:\/\/solar.everspc.de\/?page_id=3"]}]},{"@type":"BreadcrumbList","@id":"https:\/\/solar.everspc.de\/?page_id=3#breadcrumb","itemListElement":[{"@type":"ListItem","position":1,"name":"Startseite","item":"https:\/\/solar.everspc.de\/"},{"@type":"ListItem","position":2,"name":"Impressum"}]},{"@type":"WebSite","@id":"https:\/\/solar.everspc.de\/#website","url":"https:\/\/solar.everspc.de\/","name":"","description":"Beratung, Planung und Verkauf","publisher":{"@id":"https:\/\/solar.everspc.de\/#organization"},"potentialAction":[{"@type":"SearchAction","target":{"@type":"EntryPoint","urlTemplate":"https:\/\/solar.everspc.de\/?s={search_term_string}"},"query-input":"required name=search_term_string"}],"inLanguage":"de"},{"@type":"Organization","@id":"https:\/\/solar.everspc.de\/#organization","name":"Evers Photovoltaik - Beratung, Plaung, Verkauf","url":"https:\/\/solar.everspc.de\/","logo":{"@type":"ImageObject","inLanguage":"de","@id":"https:\/\/solar.everspc.de\/#\/schema\/logo\/image\/","url":"https:\/\/solar.everspc.de\/wp-content\/uploads\/2021\/11\/Evers-Photovoltaik-2.png","contentUrl":"https:\/\/solar.everspc.de\/wp-content\/uploads\/2021\/11\/Evers-Photovoltaik-2.png","width":300,"height":100,"caption":"Evers Photovoltaik - Beratung, Plaung, Verkauf"},"image":{"@id":"https:\/\/solar.everspc.de\/#\/schema\/logo\/image\/"}}]}},"_links":{"self":[{"href":"https:\/\/solar.everspc.de\/index.php?rest_route=\/wp\/v2\/pages\/3"}],"collection":[{"href":"https:\/\/solar.everspc.de\/index.php?rest_route=\/wp\/v2\/pages"}],"about":[{"href":"https:\/\/solar.everspc.de\/index.php?rest_route=\/wp\/v2\/types\/page"}],"author":[{"embeddable":true,"href":"https:\/\/solar.everspc.de\/index.php?rest_route=\/wp\/v2\/users\/1"}],"replies":[{"embeddable":true,"href":"https:\/\/solar.everspc.de\/index.php?rest_route=%2Fwp%2Fv2%2Fcomments&post=3"}],"version-history":[{"count":3,"href":"https:\/\/solar.everspc.de\/index.php?rest_route=\/wp\/v2\/pages\/3\/revisions"}],"predecessor-version":[{"id":8,"href":"https:\/\/solar.everspc.de\/index.php?rest_route=\/wp\/v2\/pages\/3\/revisions\/8"}],"wp:attachment":[{"href":"https:\/\/solar.everspc.de\/index.php?rest_route=%2Fwp%2Fv2%2Fmedia&parent=3"}],"curies":[{"name":"wp","href":"https:\/\/api.w.org\/{rel}","templated":true}]}}