{"id":46,"date":"2021-02-18T11:12:37","date_gmt":"2021-02-18T11:12:37","guid":{"rendered":"http:\/\/solar.everspc.de\/?page_id=46"},"modified":"2022-03-31T09:19:31","modified_gmt":"2022-03-31T09:19:31","slug":"startseite","status":"publish","type":"page","link":"https:\/\/solar.everspc.de\/","title":{"rendered":"Evers Photovoltaik"},"content":{"rendered":"\n<p>EVERS &#8211; Netzwerk Photovoltaik<br>bietet seit 1982 Dienstleistungen im IT-Bereich an. Seit 2009 bieten wir auch Photovoltaik an.<\/p>\n\n\n\n<p>Unser Unternehmen bietet  ein umfangreichen Serviceangebot sowie eine kompetente Beratung an!<\/p>\n\n\n\n<p>Wir finden stets optimale L\u00f6sungen zu ihren Problemen und bereiten Ihnen ein Angebot aus allen bereichen der Photovoltaik &#8211; ihre Zufriedenheit ist uns wichtig!<\/p>\n\n\n\n<p>F\u00fcr die Installtion und den Anschluss der Anlage ben\u00f6tigen Sie zus\u00e4tzlich zu unseren Diensten einen Dachdecker\/Zimmermann, sowie einen Elektrofachbetrieb.<\/p>\n\n\n\n<p>Wir freuen uns, wenn wir Ihnen mit den Informationen helfen k\u00f6nnen. Sollten Sie die gew\u00fcnschte Information nicht finden, kontaktieren Sie uns Wir werden uns dann pers\u00f6nlich Ihrer W\u00fcnsche annehmen.<br><br>Ihr<br>Dipl.-Ing. Klaus Evers<\/p>\n","protected":false},"excerpt":{"rendered":"<p>EVERS &#8211; Netzwerk Photovoltaikbietet seit 1982 Dienstleistungen im IT-Bereich an. Seit 2009 bieten wir auch Photovoltaik an. Unser Unternehmen bietet ein umfangreichen Serviceangebot sowie eine kompetente Beratung an! Wir finden stets optimale L\u00f6sungen zu ihren Problemen und bereiten Ihnen ein &hellip;<\/p>\n<p class=\"read-more\"> <a class=\"more-link\" href=\"https:\/\/solar.everspc.de\/\"> <span class=\"screen-reader-text\">Evers Photovoltaik<\/span> Read More &raquo;<\/a><\/p>\n","protected":false},"author":1,"featured_media":0,"parent":0,"menu_order":0,"comment_status":"closed","ping_status":"closed","template":"","meta":{"footnotes":""},"yoast_head":"<!-- This site is optimized with the Yoast SEO plugin v22.4 - https:\/\/yoast.com\/wordpress\/plugins\/seo\/ -->\n<title>Evers Photovoltaik -<\/title>\n<meta name=\"robots\" content=\"index, follow, max-snippet:-1, max-image-preview:large, max-video-preview:-1\" \/>\n<link rel=\"canonical\" href=\"https:\/\/solar.everspc.de\/\" \/>\n<meta property=\"og:locale\" content=\"de_DE\" \/>\n<meta property=\"og:type\" content=\"article\" \/>\n<meta property=\"og:title\" content=\"Evers Photovoltaik -\" \/>\n<meta property=\"og:description\" content=\"EVERS &#8211; Netzwerk Photovoltaikbietet seit 1982 Dienstleistungen im IT-Bereich an. Seit 2009 bieten wir auch Photovoltaik an. Unser Unternehmen bietet ein umfangreichen Serviceangebot sowie eine kompetente Beratung an! Wir finden stets optimale L\u00f6sungen zu ihren Problemen und bereiten Ihnen ein &hellip; Evers Photovoltaik Read More &raquo;\" \/>\n<meta property=\"og:url\" content=\"https:\/\/solar.everspc.de\/\" \/>\n<meta property=\"article:modified_time\" content=\"2022-03-31T09:19:31+00:00\" \/>\n<meta name=\"twitter:card\" content=\"summary_large_image\" \/>\n<meta name=\"twitter:label1\" content=\"Gesch\u00e4tzte Lesezeit\" \/>\n\t<meta name=\"twitter:data1\" content=\"1\u00a0Minute\" \/>\n<script type=\"application\/ld+json\" class=\"yoast-schema-graph\">{\"@context\":\"https:\/\/schema.org\",\"@graph\":[{\"@type\":\"WebPage\",\"@id\":\"https:\/\/solar.everspc.de\/\",\"url\":\"https:\/\/solar.everspc.de\/\",\"name\":\"Evers Photovoltaik -\",\"isPartOf\":{\"@id\":\"https:\/\/solar.everspc.de\/#website\"},\"datePublished\":\"2021-02-18T11:12:37+00:00\",\"dateModified\":\"2022-03-31T09:19:31+00:00\",\"breadcrumb\":{\"@id\":\"https:\/\/solar.everspc.de\/#breadcrumb\"},\"inLanguage\":\"de\",\"potentialAction\":[{\"@type\":\"ReadAction\",\"target\":[\"https:\/\/solar.everspc.de\/\"]}]},{\"@type\":\"BreadcrumbList\",\"@id\":\"https:\/\/solar.everspc.de\/#breadcrumb\",\"itemListElement\":[{\"@type\":\"ListItem\",\"position\":1,\"name\":\"Startseite\",\"item\":\"https:\/\/solar.everspc.de\/\"},{\"@type\":\"ListItem\",\"position\":2,\"name\":\"Evers Photovoltaik\"}]},{\"@type\":\"WebSite\",\"@id\":\"https:\/\/solar.everspc.de\/#website\",\"url\":\"https:\/\/solar.everspc.de\/\",\"name\":\"\",\"description\":\"Beratung, Planung und Verkauf\",\"publisher\":{\"@id\":\"https:\/\/solar.everspc.de\/#organization\"},\"potentialAction\":[{\"@type\":\"SearchAction\",\"target\":{\"@type\":\"EntryPoint\",\"urlTemplate\":\"https:\/\/solar.everspc.de\/?s={search_term_string}\"},\"query-input\":\"required name=search_term_string\"}],\"inLanguage\":\"de\"},{\"@type\":\"Organization\",\"@id\":\"https:\/\/solar.everspc.de\/#organization\",\"name\":\"Evers Photovoltaik - Beratung, Plaung, Verkauf\",\"url\":\"https:\/\/solar.everspc.de\/\",\"logo\":{\"@type\":\"ImageObject\",\"inLanguage\":\"de\",\"@id\":\"https:\/\/solar.everspc.de\/#\/schema\/logo\/image\/\",\"url\":\"https:\/\/solar.everspc.de\/wp-content\/uploads\/2021\/11\/Evers-Photovoltaik-2.png\",\"contentUrl\":\"https:\/\/solar.everspc.de\/wp-content\/uploads\/2021\/11\/Evers-Photovoltaik-2.png\",\"width\":300,\"height\":100,\"caption\":\"Evers Photovoltaik - Beratung, Plaung, Verkauf\"},\"image\":{\"@id\":\"https:\/\/solar.everspc.de\/#\/schema\/logo\/image\/\"}}]}<\/script>\n<!-- \/ Yoast SEO plugin. -->","yoast_head_json":{"title":"Evers Photovoltaik -","robots":{"index":"index","follow":"follow","max-snippet":"max-snippet:-1","max-image-preview":"max-image-preview:large","max-video-preview":"max-video-preview:-1"},"canonical":"https:\/\/solar.everspc.de\/","og_locale":"de_DE","og_type":"article","og_title":"Evers Photovoltaik -","og_description":"EVERS &#8211; Netzwerk Photovoltaikbietet seit 1982 Dienstleistungen im IT-Bereich an. Seit 2009 bieten wir auch Photovoltaik an. Unser Unternehmen bietet ein umfangreichen Serviceangebot sowie eine kompetente Beratung an! Wir finden stets optimale L\u00f6sungen zu ihren Problemen und bereiten Ihnen ein &hellip; Evers Photovoltaik Read More &raquo;","og_url":"https:\/\/solar.everspc.de\/","article_modified_time":"2022-03-31T09:19:31+00:00","twitter_card":"summary_large_image","twitter_misc":{"Gesch\u00e4tzte Lesezeit":"1\u00a0Minute"},"schema":{"@context":"https:\/\/schema.org","@graph":[{"@type":"WebPage","@id":"https:\/\/solar.everspc.de\/","url":"https:\/\/solar.everspc.de\/","name":"Evers Photovoltaik -","isPartOf":{"@id":"https:\/\/solar.everspc.de\/#website"},"datePublished":"2021-02-18T11:12:37+00:00","dateModified":"2022-03-31T09:19:31+00:00","breadcrumb":{"@id":"https:\/\/solar.everspc.de\/#breadcrumb"},"inLanguage":"de","potentialAction":[{"@type":"ReadAction","target":["https:\/\/solar.everspc.de\/"]}]},{"@type":"BreadcrumbList","@id":"https:\/\/solar.everspc.de\/#breadcrumb","itemListElement":[{"@type":"ListItem","position":1,"name":"Startseite","item":"https:\/\/solar.everspc.de\/"},{"@type":"ListItem","position":2,"name":"Evers Photovoltaik"}]},{"@type":"WebSite","@id":"https:\/\/solar.everspc.de\/#website","url":"https:\/\/solar.everspc.de\/","name":"","description":"Beratung, Planung und Verkauf","publisher":{"@id":"https:\/\/solar.everspc.de\/#organization"},"potentialAction":[{"@type":"SearchAction","target":{"@type":"EntryPoint","urlTemplate":"https:\/\/solar.everspc.de\/?s={search_term_string}"},"query-input":"required name=search_term_string"}],"inLanguage":"de"},{"@type":"Organization","@id":"https:\/\/solar.everspc.de\/#organization","name":"Evers Photovoltaik - Beratung, Plaung, Verkauf","url":"https:\/\/solar.everspc.de\/","logo":{"@type":"ImageObject","inLanguage":"de","@id":"https:\/\/solar.everspc.de\/#\/schema\/logo\/image\/","url":"https:\/\/solar.everspc.de\/wp-content\/uploads\/2021\/11\/Evers-Photovoltaik-2.png","contentUrl":"https:\/\/solar.everspc.de\/wp-content\/uploads\/2021\/11\/Evers-Photovoltaik-2.png","width":300,"height":100,"caption":"Evers Photovoltaik - Beratung, Plaung, Verkauf"},"image":{"@id":"https:\/\/solar.everspc.de\/#\/schema\/logo\/image\/"}}]}},"_links":{"self":[{"href":"https:\/\/solar.everspc.de\/index.php?rest_route=\/wp\/v2\/pages\/46"}],"collection":[{"href":"https:\/\/solar.everspc.de\/index.php?rest_route=\/wp\/v2\/pages"}],"about":[{"href":"https:\/\/solar.everspc.de\/index.php?rest_route=\/wp\/v2\/types\/page"}],"author":[{"embeddable":true,"href":"https:\/\/solar.everspc.de\/index.php?rest_route=\/wp\/v2\/users\/1"}],"replies":[{"embeddable":true,"href":"https:\/\/solar.everspc.de\/index.php?rest_route=%2Fwp%2Fv2%2Fcomments&post=46"}],"version-history":[{"count":4,"href":"https:\/\/solar.everspc.de\/index.php?rest_route=\/wp\/v2\/pages\/46\/revisions"}],"predecessor-version":[{"id":140,"href":"https:\/\/solar.everspc.de\/index.php?rest_route=\/wp\/v2\/pages\/46\/revisions\/140"}],"wp:attachment":[{"href":"https:\/\/solar.everspc.de\/index.php?rest_route=%2Fwp%2Fv2%2Fmedia&parent=46"}],"curies":[{"name":"wp","href":"https:\/\/api.w.org\/{rel}","templated":true}]}}