{"id":58,"date":"2021-02-18T11:46:58","date_gmt":"2021-02-18T11:46:58","guid":{"rendered":"http:\/\/solar.everspc.de\/?page_id=58"},"modified":"2022-03-31T09:08:29","modified_gmt":"2022-03-31T09:08:29","slug":"speicher","status":"publish","type":"page","link":"https:\/\/solar.everspc.de\/?page_id=58","title":{"rendered":"Speicher"},"content":{"rendered":"\n<p>Wer Strom produziert m\u00f6chte diesen heutzutage gern selber nutzen. Die meiste Energie wird jedoch zu den Abendstunden ben\u00f6tigt, zu denen es zumeist keine Photovoltaikenergie mehr gibt. Daher bietet es sich an die \u00fcber den Tag erzeugte Energie zu Speichern und dann abends zu verwenden. <br>Dieses konzept sollte allerdings genau auf Ihren Lebensstil angepasst sein. <br>Dies lassen wir gern in Ihre Planung Ihrer Photovoltaikanlage einflie\u00dfen oder Planen f\u00fcr Sie eine m\u00f6gliche Nachr\u00fcstung.<\/p>\n\n\n\n<div class=\"wp-block-image\"><figure class=\"aligncenter size-large is-resized\"><img loading=\"lazy\" decoding=\"async\" src=\"http:\/\/solar.everspc.de\/wp-content\/uploads\/2021\/02\/BYDHVS102_02.jpg\" alt=\"\" class=\"wp-image-59\" width=\"335\" height=\"335\" srcset=\"https:\/\/solar.everspc.de\/wp-content\/uploads\/2021\/02\/BYDHVS102_02.jpg 340w, https:\/\/solar.everspc.de\/wp-content\/uploads\/2021\/02\/BYDHVS102_02-300x300.jpg 300w, https:\/\/solar.everspc.de\/wp-content\/uploads\/2021\/02\/BYDHVS102_02-150x150.jpg 150w\" sizes=\"(max-width: 335px) 100vw, 335px\" \/><figcaption>BYD HVS102<\/figcaption><\/figure><\/div>\n\n\n\n<div class=\"wp-block-image\"><figure class=\"aligncenter size-large is-resized\"><img loading=\"lazy\" decoding=\"async\" src=\"https:\/\/solar.everspc.de\/wp-content\/uploads\/2022\/03\/sungrow-sbr-256-1024x1024.png\" alt=\"\" class=\"wp-image-136\" width=\"377\" height=\"377\" srcset=\"https:\/\/solar.everspc.de\/wp-content\/uploads\/2022\/03\/sungrow-sbr-256-1024x1024.png 1024w, https:\/\/solar.everspc.de\/wp-content\/uploads\/2022\/03\/sungrow-sbr-256-300x300.png 300w, https:\/\/solar.everspc.de\/wp-content\/uploads\/2022\/03\/sungrow-sbr-256-150x150.png 150w, https:\/\/solar.everspc.de\/wp-content\/uploads\/2022\/03\/sungrow-sbr-256-768x768.png 768w, https:\/\/solar.everspc.de\/wp-content\/uploads\/2022\/03\/sungrow-sbr-256-100x100.png 100w, https:\/\/solar.everspc.de\/wp-content\/uploads\/2022\/03\/sungrow-sbr-256-200x200.png 200w, https:\/\/solar.everspc.de\/wp-content\/uploads\/2022\/03\/sungrow-sbr-256-450x450.png 450w, https:\/\/solar.everspc.de\/wp-content\/uploads\/2022\/03\/sungrow-sbr-256-600x600.png 600w, https:\/\/solar.everspc.de\/wp-content\/uploads\/2022\/03\/sungrow-sbr-256-900x900.png 900w, https:\/\/solar.everspc.de\/wp-content\/uploads\/2022\/03\/sungrow-sbr-256.png 1200w\" sizes=\"(max-width: 377px) 100vw, 377px\" \/><figcaption>Sungrow SBR-256<\/figcaption><\/figure><\/div>\n","protected":false},"excerpt":{"rendered":"<p>Wer Strom produziert m\u00f6chte diesen heutzutage gern selber nutzen. Die meiste Energie wird jedoch zu den Abendstunden ben\u00f6tigt, zu denen es zumeist keine Photovoltaikenergie mehr gibt. Daher bietet es sich an die \u00fcber den Tag erzeugte Energie zu Speichern und &hellip;<\/p>\n<p class=\"read-more\"> <a class=\"more-link\" href=\"https:\/\/solar.everspc.de\/?page_id=58\"> <span class=\"screen-reader-text\">Speicher<\/span> Read More &raquo;<\/a><\/p>\n","protected":false},"author":1,"featured_media":0,"parent":0,"menu_order":0,"comment_status":"closed","ping_status":"closed","template":"","meta":{"footnotes":""},"yoast_head":"<!-- This site is optimized with the Yoast SEO plugin v22.4 - https:\/\/yoast.com\/wordpress\/plugins\/seo\/ -->\n<title>Speicher -<\/title>\n<meta name=\"robots\" content=\"index, follow, max-snippet:-1, max-image-preview:large, max-video-preview:-1\" \/>\n<link rel=\"canonical\" href=\"https:\/\/solar.everspc.de\/?page_id=58\" \/>\n<meta property=\"og:locale\" content=\"de_DE\" \/>\n<meta property=\"og:type\" content=\"article\" \/>\n<meta property=\"og:title\" content=\"Speicher -\" \/>\n<meta property=\"og:description\" content=\"Wer Strom produziert m\u00f6chte diesen heutzutage gern selber nutzen. Die meiste Energie wird jedoch zu den Abendstunden ben\u00f6tigt, zu denen es zumeist keine Photovoltaikenergie mehr gibt. Daher bietet es sich an die \u00fcber den Tag erzeugte Energie zu Speichern und &hellip; Speicher Read More &raquo;\" \/>\n<meta property=\"og:url\" content=\"https:\/\/solar.everspc.de\/?page_id=58\" \/>\n<meta property=\"article:modified_time\" content=\"2022-03-31T09:08:29+00:00\" \/>\n<meta property=\"og:image\" content=\"http:\/\/solar.everspc.de\/wp-content\/uploads\/2021\/02\/BYDHVS102_02.jpg\" \/>\n<meta name=\"twitter:card\" content=\"summary_large_image\" \/>\n<script type=\"application\/ld+json\" class=\"yoast-schema-graph\">{\"@context\":\"https:\/\/schema.org\",\"@graph\":[{\"@type\":\"WebPage\",\"@id\":\"https:\/\/solar.everspc.de\/?page_id=58\",\"url\":\"https:\/\/solar.everspc.de\/?page_id=58\",\"name\":\"Speicher -\",\"isPartOf\":{\"@id\":\"https:\/\/solar.everspc.de\/#website\"},\"primaryImageOfPage\":{\"@id\":\"https:\/\/solar.everspc.de\/?page_id=58#primaryimage\"},\"image\":{\"@id\":\"https:\/\/solar.everspc.de\/?page_id=58#primaryimage\"},\"thumbnailUrl\":\"http:\/\/solar.everspc.de\/wp-content\/uploads\/2021\/02\/BYDHVS102_02.jpg\",\"datePublished\":\"2021-02-18T11:46:58+00:00\",\"dateModified\":\"2022-03-31T09:08:29+00:00\",\"breadcrumb\":{\"@id\":\"https:\/\/solar.everspc.de\/?page_id=58#breadcrumb\"},\"inLanguage\":\"de\",\"potentialAction\":[{\"@type\":\"ReadAction\",\"target\":[\"https:\/\/solar.everspc.de\/?page_id=58\"]}]},{\"@type\":\"ImageObject\",\"inLanguage\":\"de\",\"@id\":\"https:\/\/solar.everspc.de\/?page_id=58#primaryimage\",\"url\":\"https:\/\/solar.everspc.de\/wp-content\/uploads\/2021\/02\/BYDHVS102_02.jpg\",\"contentUrl\":\"https:\/\/solar.everspc.de\/wp-content\/uploads\/2021\/02\/BYDHVS102_02.jpg\",\"width\":340,\"height\":340},{\"@type\":\"BreadcrumbList\",\"@id\":\"https:\/\/solar.everspc.de\/?page_id=58#breadcrumb\",\"itemListElement\":[{\"@type\":\"ListItem\",\"position\":1,\"name\":\"Startseite\",\"item\":\"https:\/\/solar.everspc.de\/\"},{\"@type\":\"ListItem\",\"position\":2,\"name\":\"Speicher\"}]},{\"@type\":\"WebSite\",\"@id\":\"https:\/\/solar.everspc.de\/#website\",\"url\":\"https:\/\/solar.everspc.de\/\",\"name\":\"\",\"description\":\"Beratung, Planung und Verkauf\",\"publisher\":{\"@id\":\"https:\/\/solar.everspc.de\/#organization\"},\"potentialAction\":[{\"@type\":\"SearchAction\",\"target\":{\"@type\":\"EntryPoint\",\"urlTemplate\":\"https:\/\/solar.everspc.de\/?s={search_term_string}\"},\"query-input\":\"required name=search_term_string\"}],\"inLanguage\":\"de\"},{\"@type\":\"Organization\",\"@id\":\"https:\/\/solar.everspc.de\/#organization\",\"name\":\"Evers Photovoltaik - Beratung, Plaung, Verkauf\",\"url\":\"https:\/\/solar.everspc.de\/\",\"logo\":{\"@type\":\"ImageObject\",\"inLanguage\":\"de\",\"@id\":\"https:\/\/solar.everspc.de\/#\/schema\/logo\/image\/\",\"url\":\"https:\/\/solar.everspc.de\/wp-content\/uploads\/2021\/11\/Evers-Photovoltaik-2.png\",\"contentUrl\":\"https:\/\/solar.everspc.de\/wp-content\/uploads\/2021\/11\/Evers-Photovoltaik-2.png\",\"width\":300,\"height\":100,\"caption\":\"Evers Photovoltaik - Beratung, Plaung, Verkauf\"},\"image\":{\"@id\":\"https:\/\/solar.everspc.de\/#\/schema\/logo\/image\/\"}}]}<\/script>\n<!-- \/ Yoast SEO plugin. -->","yoast_head_json":{"title":"Speicher -","robots":{"index":"index","follow":"follow","max-snippet":"max-snippet:-1","max-image-preview":"max-image-preview:large","max-video-preview":"max-video-preview:-1"},"canonical":"https:\/\/solar.everspc.de\/?page_id=58","og_locale":"de_DE","og_type":"article","og_title":"Speicher -","og_description":"Wer Strom produziert m\u00f6chte diesen heutzutage gern selber nutzen. Die meiste Energie wird jedoch zu den Abendstunden ben\u00f6tigt, zu denen es zumeist keine Photovoltaikenergie mehr gibt. Daher bietet es sich an die \u00fcber den Tag erzeugte Energie zu Speichern und &hellip; Speicher Read More &raquo;","og_url":"https:\/\/solar.everspc.de\/?page_id=58","article_modified_time":"2022-03-31T09:08:29+00:00","og_image":[{"url":"http:\/\/solar.everspc.de\/wp-content\/uploads\/2021\/02\/BYDHVS102_02.jpg"}],"twitter_card":"summary_large_image","schema":{"@context":"https:\/\/schema.org","@graph":[{"@type":"WebPage","@id":"https:\/\/solar.everspc.de\/?page_id=58","url":"https:\/\/solar.everspc.de\/?page_id=58","name":"Speicher -","isPartOf":{"@id":"https:\/\/solar.everspc.de\/#website"},"primaryImageOfPage":{"@id":"https:\/\/solar.everspc.de\/?page_id=58#primaryimage"},"image":{"@id":"https:\/\/solar.everspc.de\/?page_id=58#primaryimage"},"thumbnailUrl":"http:\/\/solar.everspc.de\/wp-content\/uploads\/2021\/02\/BYDHVS102_02.jpg","datePublished":"2021-02-18T11:46:58+00:00","dateModified":"2022-03-31T09:08:29+00:00","breadcrumb":{"@id":"https:\/\/solar.everspc.de\/?page_id=58#breadcrumb"},"inLanguage":"de","potentialAction":[{"@type":"ReadAction","target":["https:\/\/solar.everspc.de\/?page_id=58"]}]},{"@type":"ImageObject","inLanguage":"de","@id":"https:\/\/solar.everspc.de\/?page_id=58#primaryimage","url":"https:\/\/solar.everspc.de\/wp-content\/uploads\/2021\/02\/BYDHVS102_02.jpg","contentUrl":"https:\/\/solar.everspc.de\/wp-content\/uploads\/2021\/02\/BYDHVS102_02.jpg","width":340,"height":340},{"@type":"BreadcrumbList","@id":"https:\/\/solar.everspc.de\/?page_id=58#breadcrumb","itemListElement":[{"@type":"ListItem","position":1,"name":"Startseite","item":"https:\/\/solar.everspc.de\/"},{"@type":"ListItem","position":2,"name":"Speicher"}]},{"@type":"WebSite","@id":"https:\/\/solar.everspc.de\/#website","url":"https:\/\/solar.everspc.de\/","name":"","description":"Beratung, Planung und Verkauf","publisher":{"@id":"https:\/\/solar.everspc.de\/#organization"},"potentialAction":[{"@type":"SearchAction","target":{"@type":"EntryPoint","urlTemplate":"https:\/\/solar.everspc.de\/?s={search_term_string}"},"query-input":"required name=search_term_string"}],"inLanguage":"de"},{"@type":"Organization","@id":"https:\/\/solar.everspc.de\/#organization","name":"Evers Photovoltaik - Beratung, Plaung, Verkauf","url":"https:\/\/solar.everspc.de\/","logo":{"@type":"ImageObject","inLanguage":"de","@id":"https:\/\/solar.everspc.de\/#\/schema\/logo\/image\/","url":"https:\/\/solar.everspc.de\/wp-content\/uploads\/2021\/11\/Evers-Photovoltaik-2.png","contentUrl":"https:\/\/solar.everspc.de\/wp-content\/uploads\/2021\/11\/Evers-Photovoltaik-2.png","width":300,"height":100,"caption":"Evers Photovoltaik - Beratung, Plaung, Verkauf"},"image":{"@id":"https:\/\/solar.everspc.de\/#\/schema\/logo\/image\/"}}]}},"_links":{"self":[{"href":"https:\/\/solar.everspc.de\/index.php?rest_route=\/wp\/v2\/pages\/58"}],"collection":[{"href":"https:\/\/solar.everspc.de\/index.php?rest_route=\/wp\/v2\/pages"}],"about":[{"href":"https:\/\/solar.everspc.de\/index.php?rest_route=\/wp\/v2\/types\/page"}],"author":[{"embeddable":true,"href":"https:\/\/solar.everspc.de\/index.php?rest_route=\/wp\/v2\/users\/1"}],"replies":[{"embeddable":true,"href":"https:\/\/solar.everspc.de\/index.php?rest_route=%2Fwp%2Fv2%2Fcomments&post=58"}],"version-history":[{"count":2,"href":"https:\/\/solar.everspc.de\/index.php?rest_route=\/wp\/v2\/pages\/58\/revisions"}],"predecessor-version":[{"id":138,"href":"https:\/\/solar.everspc.de\/index.php?rest_route=\/wp\/v2\/pages\/58\/revisions\/138"}],"wp:attachment":[{"href":"https:\/\/solar.everspc.de\/index.php?rest_route=%2Fwp%2Fv2%2Fmedia&parent=58"}],"curies":[{"name":"wp","href":"https:\/\/api.w.org\/{rel}","templated":true}]}}